{"id":24,"date":"2016-03-18T14:06:32","date_gmt":"2016-03-18T14:06:32","guid":{"rendered":"http:\/\/www.bluesbones.ch\/?page_id=24"},"modified":"2022-05-19T17:06:45","modified_gmt":"2022-05-19T17:06:45","slug":"musiker","status":"publish","type":"page","link":"https:\/\/www.bluesbones.ch\/?page_id=24","title":{"rendered":"Band"},"content":{"rendered":"<h1>BluesBones<\/h1>\n<p><a href=\"http:\/\/www.bluesbones.ch\/wp-content\/uploads\/2019\/05\/BluesBones-web-mai-2019.jpg\" rel=\"attachment wp-att-325\"><img loading=\"lazy\" decoding=\"async\" class=\"alignnone wp-image-459 size-full\" src=\"http:\/\/www.bluesbones.ch\/wp-content\/uploads\/2019\/05\/BluesBones-web-mai-2019.jpg\" width=\"1000\" height=\"512\" srcset=\"https:\/\/www.bluesbones.ch\/wp-content\/uploads\/2019\/05\/BluesBones-web-mai-2019.jpg 1000w, https:\/\/www.bluesbones.ch\/wp-content\/uploads\/2019\/05\/BluesBones-web-mai-2019-300x154.jpg 300w, https:\/\/www.bluesbones.ch\/wp-content\/uploads\/2019\/05\/BluesBones-web-mai-2019-768x393.jpg 768w\" sizes=\"(max-width: 1000px) 100vw, 1000px\" \/><\/a><\/p>\n<h4 style=\"text-align: center;\"><span style=\"color: white; font-size: small;\">Solid music, rhythm and blues, straight to your heart!<\/span><\/h4>\n<p><span style=\"font-size: small;\">BluesBones\u00a0bringt bei jedem Auftritt ehrliche Musik in einer breiten R&amp;B-Songpalette, mit archaischem Blues und Songs, die ins Herz treffen! Die Basler Band begeistert bei ihren schn\u00f6rkellosen Sets durch Spielfreude mit Platz f\u00fcr Improvisation. <\/span><\/p>\n<p style=\"text-align: left;\"><strong><a id=\"Markus Niederer\"><\/a>Markus Niederer (<\/strong>Guitar)<\/p>\n<p style=\"text-align: left;\"><a href=\"http:\/\/www.bluesbones.ch\/wp-content\/uploads\/2016\/04\/Markus-Niederer_DSC8928.jpg\" rel=\"attachment wp-att-84\"><img loading=\"lazy\" decoding=\"async\" class=\"alignnone wp-image-314 size-medium\" src=\"http:\/\/www.bluesbones.ch\/wp-content\/uploads\/2016\/04\/Markus-Niederer_DSC8928-300x300.jpg\" alt=\"\" width=\"300\" height=\"300\" srcset=\"https:\/\/www.bluesbones.ch\/wp-content\/uploads\/2016\/04\/Markus-Niederer_DSC8928-300x300.jpg 300w, https:\/\/www.bluesbones.ch\/wp-content\/uploads\/2016\/04\/Markus-Niederer_DSC8928-150x150.jpg 150w, https:\/\/www.bluesbones.ch\/wp-content\/uploads\/2016\/04\/Markus-Niederer_DSC8928-250x250.jpg 250w, https:\/\/www.bluesbones.ch\/wp-content\/uploads\/2016\/04\/Markus-Niederer_DSC8928-174x174.jpg 174w, https:\/\/www.bluesbones.ch\/wp-content\/uploads\/2016\/04\/Markus-Niederer_DSC8928.jpg 665w\" sizes=\"(max-width: 300px) 100vw, 300px\" \/><\/a><\/p>\n<p style=\"text-align: left;\">Im Alter von 15 Jahren baut er mangels Finanzen seine E-Gitarre selber und erzeugt zum allgemeinen Entsetzen der Nachbarn die ersten kreischenden T\u00f6ne \u00fcber ein \u00fcbersteuertes R\u00f6hrenradio. Inspiriert von Blues- und Rockgr\u00f6ssen wie B.B. King, Eric Clapton, Jimmy Page und Gary Moore fr\u00f6nt er seither seinem Hobby als Leadgitarrist mit einem heulenden, rockig-bluesigen Sound.<\/p>\n<p>&nbsp;<\/p>\n<p style=\"text-align: left;\"><strong><a id=\"Lukas Rosenthaler\"><\/a>Lukas Rosenthaler <\/strong>(Hammond)<\/p>\n<p style=\"text-align: left;\"><a href=\"http:\/\/www.bluesbones.ch\/wp-content\/uploads\/2016\/04\/Lukas-Rosenthaler_DSC8945-Kopie.jpg\" rel=\"attachment wp-att-84\"><img loading=\"lazy\" decoding=\"async\" class=\"alignnone wp-image-313 size-medium\" src=\"http:\/\/www.bluesbones.ch\/wp-content\/uploads\/2016\/04\/Lukas-Rosenthaler_DSC8945-Kopie-300x300.jpg\" alt=\"\" width=\"300\" height=\"300\" srcset=\"https:\/\/www.bluesbones.ch\/wp-content\/uploads\/2016\/04\/Lukas-Rosenthaler_DSC8945-Kopie-300x300.jpg 300w, https:\/\/www.bluesbones.ch\/wp-content\/uploads\/2016\/04\/Lukas-Rosenthaler_DSC8945-Kopie-150x150.jpg 150w, https:\/\/www.bluesbones.ch\/wp-content\/uploads\/2016\/04\/Lukas-Rosenthaler_DSC8945-Kopie-250x250.jpg 250w, https:\/\/www.bluesbones.ch\/wp-content\/uploads\/2016\/04\/Lukas-Rosenthaler_DSC8945-Kopie-174x174.jpg 174w, https:\/\/www.bluesbones.ch\/wp-content\/uploads\/2016\/04\/Lukas-Rosenthaler_DSC8945-Kopie.jpg 496w\" sizes=\"(max-width: 300px) 100vw, 300px\" \/><\/a><\/p>\n<p style=\"text-align: left;\">Fasziniert vom Sound der Hammond Orgel, welche er auf den Scheiben von Pink Floyd (\u201eus and them\u201c), Depp Purple und Uriah Heep h\u00f6rte, beschloss er mit 16, neben der Querfl\u00f6te auch noch Orgel zu spielen. 1983 konnte er dann endlich seinen Traum erf\u00fcllen und eine echte Hammond (die A-100, die er heute noch spielt) mit Leslie-Tonkabinett kaufen. Neben seinem Studium der Physik und Astronomie nahm die Musik immer einen wichtigen Platz ein. Sein erdiger Sound liefert den satten, buesigen Klangboden f\u00fcr die Blues Bones. Neben seiner historischen Hammond schl\u00e4gt sein Herz auch noch f\u00fcr amerikanische Dampfr\u00f6sser&#8230;<\/p>\n<p>&nbsp;<\/p>\n<p><strong><a id=\"Dominik Zemp\"><\/a>Dominik Zemp<\/strong>\u00a0(Bass)<\/p>\n<p style=\"text-align: left;\"><strong><a href=\"http:\/\/www.bluesbones.ch\/wp-content\/uploads\/2019\/05\/dominik-zemp-DSA8027.jpg\"><img loading=\"lazy\" decoding=\"async\" class=\"alignnone size-full wp-image-462\" src=\"http:\/\/www.bluesbones.ch\/wp-content\/uploads\/2019\/05\/dominik-zemp-DSA8027.jpg\" alt=\"dominik-zemp-dsa8027\" width=\"300\" height=\"300\" srcset=\"https:\/\/www.bluesbones.ch\/wp-content\/uploads\/2019\/05\/dominik-zemp-DSA8027.jpg 300w, https:\/\/www.bluesbones.ch\/wp-content\/uploads\/2019\/05\/dominik-zemp-DSA8027-150x150.jpg 150w, https:\/\/www.bluesbones.ch\/wp-content\/uploads\/2019\/05\/dominik-zemp-DSA8027-250x250.jpg 250w, https:\/\/www.bluesbones.ch\/wp-content\/uploads\/2019\/05\/dominik-zemp-DSA8027-174x174.jpg 174w\" sizes=\"(max-width: 300px) 100vw, 300px\" \/><\/a><\/strong><\/p>\n<p style=\"text-align: left;\">Dominik spielte in der Jugend Akkordeon. Bis ihm Markus N. eine Bassgitarre baute \u2026<br \/>\nDann, inspiriert von Uriah Heep, Pink Floyd und Genesis, spielte D.Z. in verschiedenen Bands.<br \/>\nVon Blues \u00fcber Rock bis Jazz; bis zur heutigen Zeit dem Bass treugeblieben, in verschiedenen Formationen, und zur Zeit bei den Blues Bones.<br \/>\n4 Saiter, 5 Saiter und Frettless Bass.<\/p>\n<p>&nbsp;<\/p>\n<p style=\"text-align: left;\"><strong><a id=\"Georgie Zsigmond\"><\/a>Georgie Zsigmond<\/strong> (Lead Vocals)<\/p>\n<p style=\"text-align: left;\"><a href=\"http:\/\/www.bluesbones.ch\/wp-content\/uploads\/2016\/04\/Georgie-Zsigmond_DSC8953-Kopie.jpg\" rel=\"attachment wp-att-84\"><img loading=\"lazy\" decoding=\"async\" class=\"alignnone wp-image-310 size-medium\" src=\"http:\/\/www.bluesbones.ch\/wp-content\/uploads\/2016\/04\/Georgie-Zsigmond_DSC8953-Kopie-300x300.jpg\" alt=\"\" width=\"300\" height=\"300\" srcset=\"https:\/\/www.bluesbones.ch\/wp-content\/uploads\/2016\/04\/Georgie-Zsigmond_DSC8953-Kopie-300x300.jpg 300w, https:\/\/www.bluesbones.ch\/wp-content\/uploads\/2016\/04\/Georgie-Zsigmond_DSC8953-Kopie-150x150.jpg 150w, https:\/\/www.bluesbones.ch\/wp-content\/uploads\/2016\/04\/Georgie-Zsigmond_DSC8953-Kopie-250x250.jpg 250w, https:\/\/www.bluesbones.ch\/wp-content\/uploads\/2016\/04\/Georgie-Zsigmond_DSC8953-Kopie-174x174.jpg 174w, https:\/\/www.bluesbones.ch\/wp-content\/uploads\/2016\/04\/Georgie-Zsigmond_DSC8953-Kopie.jpg 508w\" sizes=\"(max-width: 300px) 100vw, 300px\" \/><\/a><\/p>\n<p>Georgie spielte schon als Kind mit Per\u00fccke und Besen Jimi Hendrix. Einen Teil seiner Schulbildung absolvierte er in Deutschland. Dann Abitur, Musikstudium und eine \u201eNeue Deutsche Welle\u201c-Band. R\u00fcckkehr nach Basel und Mitglied in verschiedenen Bands. So auch als Leads\u00e4nger der legend\u00e4ren ersten Schweizer Rockband \u00fcberhaupt: KAKTUS wo er die CD &#8220;Rocking Blood&#8221; aufnahm.<\/p>\n<p>&nbsp;<\/p>\n<p style=\"text-align: left;\"><strong><a id=\"Heiner Grieder\"><\/a>Heiner Grieder<\/strong> (Sax)<\/p>\n<p style=\"text-align: left;\"><a href=\"http:\/\/www.bluesbones.ch\/wp-content\/uploads\/2016\/04\/Heiner-Grieder_DSC8974-Kopie.jpg\" rel=\"attachment wp-att-84\"><img loading=\"lazy\" decoding=\"async\" class=\"alignnone wp-image-311 size-medium\" src=\"http:\/\/www.bluesbones.ch\/wp-content\/uploads\/2016\/04\/Heiner-Grieder_DSC8974-Kopie-300x300.jpg\" alt=\"\" width=\"300\" height=\"300\" srcset=\"https:\/\/www.bluesbones.ch\/wp-content\/uploads\/2016\/04\/Heiner-Grieder_DSC8974-Kopie-300x300.jpg 300w, https:\/\/www.bluesbones.ch\/wp-content\/uploads\/2016\/04\/Heiner-Grieder_DSC8974-Kopie-150x150.jpg 150w, https:\/\/www.bluesbones.ch\/wp-content\/uploads\/2016\/04\/Heiner-Grieder_DSC8974-Kopie-250x250.jpg 250w, https:\/\/www.bluesbones.ch\/wp-content\/uploads\/2016\/04\/Heiner-Grieder_DSC8974-Kopie-174x174.jpg 174w, https:\/\/www.bluesbones.ch\/wp-content\/uploads\/2016\/04\/Heiner-Grieder_DSC8974-Kopie.jpg 637w\" sizes=\"(max-width: 300px) 100vw, 300px\" \/><\/a><\/p>\n<div>\n<div class=\"innenabstand\">\n<p><span style=\"font-size: small;\">Mit seinen wundersch\u00f6n verspielten Saxophon-Riffs sch\u00f6pft Heiner aus dem Vollen. Er dr\u00e4ngt sich nicht in den Vordergrund, aber wehe, wenn er losgelassen: Da bleibt kein Solo auf dem Boden, sondern hebt ab in Sph\u00e4ren, die dem bodigen BluesBones-Sound Fl\u00fcgel verleihen.<\/span><span style=\"font-size: small;\">Er spielt auch in anderen Bands von arrangiertem Jazz bis zur fast improvisiert anmutenden Kleinformation mit Handorgel und Trommel im Gipsy-Style.<\/span><\/p>\n<p><span style=\"font-size: small;\">Heiner ist anerkannter Fotograf mit klarem Auge f\u00fcrs Besondere. Er liebt die freie Natur und nat\u00fcrlich die B\u00fchne vor Publikum aller Art. Er ist vegetarischer Gourmet!<\/span><\/p>\n<p><strong><a id=\"Vittorio M\u00fcller\"><\/a>Vittorio M\u00fcller<\/strong> (Drums)<\/p>\n<\/div>\n<\/div>\n<p style=\"text-align: left;\"><a href=\"http:\/\/www.bluesbones.ch\/wp-content\/uploads\/2016\/04\/Vittorio-M\u00fcller_DSC8957.jpeg\" rel=\"attachment wp-att-84\"><img loading=\"lazy\" decoding=\"async\" class=\"alignnone wp-image-315 size-medium\" src=\"http:\/\/www.bluesbones.ch\/wp-content\/uploads\/2016\/04\/Vittorio-M\u00fcller_DSC8957-300x300.jpeg\" alt=\"\" width=\"300\" height=\"300\" srcset=\"https:\/\/www.bluesbones.ch\/wp-content\/uploads\/2016\/04\/Vittorio-M\u00fcller_DSC8957-300x300.jpeg 300w, https:\/\/www.bluesbones.ch\/wp-content\/uploads\/2016\/04\/Vittorio-M\u00fcller_DSC8957-150x150.jpeg 150w, https:\/\/www.bluesbones.ch\/wp-content\/uploads\/2016\/04\/Vittorio-M\u00fcller_DSC8957-250x250.jpeg 250w, https:\/\/www.bluesbones.ch\/wp-content\/uploads\/2016\/04\/Vittorio-M\u00fcller_DSC8957-174x174.jpeg 174w, https:\/\/www.bluesbones.ch\/wp-content\/uploads\/2016\/04\/Vittorio-M\u00fcller_DSC8957.jpeg 665w\" sizes=\"(max-width: 300px) 100vw, 300px\" \/><\/a><\/p>\n<div>\n<div class=\"innenabstand\">\n<p><span style=\"font-size: small;\">Der Hammer unter den Drummern. <\/span><span style=\"font-size: small;\">Sorgt f\u00fcr ein solides Rhytmus-Fundament f\u00fcr BluesBones. Er spielte in verschiedenen Hardrock und R&amp;B Bands wie Monroe, City Magazine und Caesar&#8217;s Blues Connection.<\/span><\/p>\n<p><span style=\"font-size: small;\">Wenn er nach dem dritten Song das T-Shirt auszieht, dann geht erst recht die Post ab! Er gibt auch nach drei Stunden hartem Klopfen sein zufriedenes Grinsen nie auf.<\/span><\/p>\n<\/div>\n<\/div>\n<p style=\"text-align: right;\"><a href=\"http:\/\/www.bluesbones.ch\/\" class=\"su-button su-button-style-default\" style=\"color:#fff;background-color:#bf3928;border-color:#992e20;border-radius:8px;-moz-border-radius:8px;-webkit-border-radius:8px\" target=\"_self\" title=\"Zur\u00fcck\"><span style=\"color:#fff;padding:0px 22px;font-size:17px;line-height:34px;border-color:#d37569;border-radius:8px;-moz-border-radius:8px;-webkit-border-radius:8px;text-shadow:none;-moz-text-shadow:none;-webkit-text-shadow:none\"> Zur\u00fcck<\/span><\/a>\n","protected":false},"excerpt":{"rendered":"<p>BluesBones Solid music, rhythm and blues, straight to your heart! BluesBones\u00a0bringt bei jedem Auftritt ehrliche Musik in einer breiten R&amp;B-Songpalette, mit archaischem Blues und Songs, die ins Herz treffen! Die Basler Band begeistert bei ihren schn\u00f6rkellosen Sets durch Spielfreude mit Platz f\u00fcr Improvisation. Markus Niederer (Guitar) Im Alter von 15 Jahren baut er mangels Finanzen<a href=\"https:\/\/www.bluesbones.ch\/?page_id=24\">[&#8230;]<\/a><\/p>\n","protected":false},"author":1,"featured_media":0,"parent":0,"menu_order":0,"comment_status":"closed","ping_status":"closed","template":"","meta":{"footnotes":""},"_links":{"self":[{"href":"https:\/\/www.bluesbones.ch\/index.php?rest_route=\/wp\/v2\/pages\/24"}],"collection":[{"href":"https:\/\/www.bluesbones.ch\/index.php?rest_route=\/wp\/v2\/pages"}],"about":[{"href":"https:\/\/www.bluesbones.ch\/index.php?rest_route=\/wp\/v2\/types\/page"}],"author":[{"embeddable":true,"href":"https:\/\/www.bluesbones.ch\/index.php?rest_route=\/wp\/v2\/users\/1"}],"replies":[{"embeddable":true,"href":"https:\/\/www.bluesbones.ch\/index.php?rest_route=%2Fwp%2Fv2%2Fcomments&post=24"}],"version-history":[{"count":57,"href":"https:\/\/www.bluesbones.ch\/index.php?rest_route=\/wp\/v2\/pages\/24\/revisions"}],"predecessor-version":[{"id":493,"href":"https:\/\/www.bluesbones.ch\/index.php?rest_route=\/wp\/v2\/pages\/24\/revisions\/493"}],"wp:attachment":[{"href":"https:\/\/www.bluesbones.ch\/index.php?rest_route=%2Fwp%2Fv2%2Fmedia&parent=24"}],"curies":[{"name":"wp","href":"https:\/\/api.w.org\/{rel}","templated":true}]}}